{"id":1659,"date":"2022-08-29T10:29:37","date_gmt":"2022-08-29T10:29:37","guid":{"rendered":"https:\/\/vavamedya.com\/pidex\/?page_id=1659"},"modified":"2022-08-29T10:37:51","modified_gmt":"2022-08-29T10:37:51","slug":"kvkk","status":"publish","type":"page","link":"https:\/\/pidex.com.tr\/tr\/kvkk","title":{"rendered":"KVKK"},"content":{"rendered":"\t\t<div data-elementor-type=\"wp-page\" data-elementor-id=\"1659\" class=\"elementor elementor-1659\">\n\t\t\t\t\t\t<section class=\"elementor-section elementor-top-section elementor-element elementor-element-1eec450f elementor-section-boxed elementor-section-height-default elementor-section-height-default\" data-id=\"1eec450f\" data-element_type=\"section\" data-e-type=\"section\">\n\t\t\t\t\t\t<div class=\"elementor-container elementor-column-gap-wide\">\n\t\t\t\t\t<div class=\"elementor-column elementor-col-100 elementor-top-column elementor-element elementor-element-5d2eb208\" data-id=\"5d2eb208\" data-element_type=\"column\" data-e-type=\"column\">\n\t\t\t<div class=\"elementor-widget-wrap elementor-element-populated\">\n\t\t\t\t\t\t<div class=\"elementor-element elementor-element-f14a111 elementor-widget elementor-widget-heading\" data-id=\"f14a111\" data-element_type=\"widget\" data-e-type=\"widget\" data-widget_type=\"heading.default\">\n\t\t\t\t<div class=\"elementor-widget-container\">\n\t\t\t\t\t<h3 class=\"elementor-heading-title elementor-size-default\">K\u0130\u015e\u0130SEL VER\u0130LER\u0130N \u0130\u015eLENMES\u0130NE \u0130L\u0130\u015eK\u0130N<BR>AYDINLATMA METN\u0130 VE G\u0130ZL\u0130L\u0130K POL\u0130T\u0130KASI<\/h3>\t\t\t\t<\/div>\n\t\t\t\t<\/div>\n\t\t\t\t<div class=\"elementor-element elementor-element-797df76a elementor-widget elementor-widget-text-editor\" data-id=\"797df76a\" data-element_type=\"widget\" data-e-type=\"widget\" data-widget_type=\"text-editor.default\">\n\t\t\t\t<div class=\"elementor-widget-container\">\n\t\t\t\t\t\t\t\t\t\n<p>\u0130\u015fbu Gizlilik Politikas\u0131 temel olarak; veri sorumlusu s\u0131fat\u0131yla Pideks Unlu Mam\u00fclleri G\u0131da Turizm \u0130n\u015faat Ticaret ve Sanayi Limited \u015eirketi\u00a0\u00a0 (bundan sonra \u201cPidex\u201d olarak an\u0131lacakt\u0131r.),6698 Say\u0131l\u0131 Ki\u015fisel Verilerin Korunmas\u0131 Hakk\u0131nda Kanun ile uyumlu olarak<\/p>\n\n<p>\u00a01. Hangi ki\u015fisel verilerinizin toplad\u0131\u011f\u0131n\u0131, toplanan verilerinizin nas\u0131l kullan\u0131ld\u0131\u011f\u0131n\u0131 ve Pidex\u2019in ki\u015fisel verilerinizi kimlerle payla\u015fabilece\u011fini,<\/p>\n\n<p>\u00a02. \u0130\u015flenen verilerinize ili\u015fkin taraf\u0131m\u0131za y\u00f6neltebilece\u011finiz hak ve taleplerinizin neler oldu\u011fu, bu haklar\u0131 nas\u0131l kullanabilece\u011finizi a\u00e7\u0131klamaktad\u0131r.<\/p>\n\n<p><strong>\u00a0I. K\u0130\u015e\u0130SEL VER\u0130LER\u0130N\u0130Z\u0130N \u0130\u015eLENMES\u0130<\/strong><\/p>\n\n<p><strong>\u00a01. \u0130\u015fledi\u011fimiz Ki\u015fisel Verileriniz ve Ki\u015fisel Verilerinizi \u0130\u015flenme Amac\u0131m\u0131z<\/strong><\/p>\n\n<p>Sizlerin veya \u00fc\u00e7\u00fcnc\u00fc ki\u015filerin haklar\u0131n\u0131n tesisi, kullan\u0131lmas\u0131 veya korunmas\u0131 i\u00e7in zorunlu olmas\u0131, sizlerin temel hak ve \u00f6zg\u00fcrl\u00fcklerine zarar vermemek kayd\u0131yla Pidex\u2019in me\u015fru menfaatleri i\u00e7in ki\u015fisel veri i\u015fleme zorunlulu\u011funun bulunmas\u0131 gibi sebeplerle; \u015firketin sundu\u011fu \u00fcr\u00fcn veya hizmetlerden en y\u00fcksek faydan\u0131n elde edilmesi i\u00e7in ilgili s\u00fcre\u00e7lerin y\u00f6netimi, markam\u0131za olan g\u00fcvenirlili\u011fin korunmas\u0131, m\u00fc\u015fteri ili\u015fkileri y\u00f6netimi s\u00fcre\u00e7lerinin y\u00f6netimi, m\u00fc\u015fteri memnuniyeti aktivitelerinin planlanmas\u0131 ve icras\u0131, m\u00fc\u015fteri talep ve \u015fikayetlerinin takibi, m\u00fc\u015fterilerin finansal risklerinin tespitine y\u00f6nelik faaliyetler yap\u0131lmas\u0131, finans ve muhasebe i\u015flerinin takibi, hukuki i\u015f ve i\u015flemlerin takibi, i\u015f faaliyetlerinin planlanmas\u0131 ve icras\u0131, i\u015f faaliyetlerinin etkinlik\/verimlilik\/yerindelik analizlerinin ger\u00e7ekle\u015ftirilmesi faaliyetlerinin y\u00fcr\u00fct\u00fclmesi, i\u015f s\u00fcreklili\u011finin sa\u011flanmas\u0131 amac\u0131yla gerekli faaliyetlerin y\u00fcr\u00fct\u00fcm\u00fc, kurumsal ileti\u015fim faaliyetleri s\u00fcre\u00e7leri, \u015firket faaliyetlerinin \u015firket prosed\u00fcrleri ve\/veya ilgili mevzuata uygun olarak y\u00fcr\u00fct\u00fclmesinin temini i\u00e7in gerekli operasyonel faaliyetlerinin y\u00f6netimi, \u015firket operasyonlar\u0131n\u0131n g\u00fcvenli\u011finin temini, stratejik planlama faaliyetlerinin icras\u0131, \u00fcretim ve operasyon s\u00fcre\u00e7lerinin planlanmas\u0131 ve icras\u0131, \u00fcr\u00fcn ve hizmetlerin sat\u0131\u015f ve pazarlamas\u0131 i\u00e7in pazar ara\u015ft\u0131rmas\u0131 ve pazarlama faaliyetlerinin y\u00fcr\u00fct\u00fclmesi,<\/p>\n\n<figure class=\"wp-block-table\">\n<table>\n<tbody>\n<tr>\n<td>Cafe\/Restaurant Ziyaret\u00e7ilerimiz<\/td>\n<td>G\u00fcvenlik Kamera G\u00f6r\u00fcnt\u00fcs\u00fc<\/td>\n<td>\u00a0 \u00a0 Ger\u00e7ekle\u015fmesi muhtemel hukuka ayk\u0131r\u0131 her t\u00fcrl\u00fc fiil, su\u00e7 veya davran\u0131\u015fa kar\u015f\u0131 \u00f6ncelikle sizlerin, \u00e7al\u0131\u015fanlar\u0131m\u0131z\u0131n, \u015firketimizin ve di\u011fer \u00fc\u00e7\u00fcnc\u00fc ki\u015filerin g\u00fcvenli\u011fini sa\u011flamak amac\u0131yla bu bilgilerinizi\u00a0i\u015fleyece\u011fiz.<\/td>\n<\/tr>\n<tr>\n<td>Cafe\/Restaurant M\u00fc\u015fterisi<\/td>\n<td>G\u00fcvenlik Kamera G\u00f6r\u00fcnt\u00fcs\u00fc Kimlik bilgisi (Ad, Soyad) \u0130leti\u015fim Bilgisi (Talep Etti\u011finiz Hizmet\/\u0130\u015flem Gerektirdi\u011fi Takdirde Adres, Cep Telefonu Ve, Veya \u0130\u015f Telefonu, E-Posta) G\u00f6rsel Kayd\u0131n\u0131z (Foto\u011fraf Bask\u0131l\u0131 Bir \u00dcr\u00fcn Sipari\u015f Etmeniz Halinde Foto\u011fraf\u0131n\u0131z) Al\u0131\u015fveri\u015f Bilgisi (al\u0131\u015fveri\u015f tarihi, zaman\u0131, miktar\u0131, i\u00e7eri\u011fi, \u00f6deme \u015fekli, fatura bilgileri vs.) Finansal Bilgileriniz (Banka Hesap Yahut Kredi Kart\u0131 Bilgileriniz)<\/td>\n<td>Pazarlama\/sat\u0131\u015f faaliyetlerimize ili\u015fkin olarak s\u00f6zle\u015fmelerimizin akdedilmesi, faturalar\u0131n\u0131z\u0131n d\u00fczenlenmesi, sipari\u015flerinizin adresinize g\u00f6nderilmesi, \u00f6deme al\u0131nmas\u0131, bizimle ileti\u015fime ge\u00e7ti\u011finiz takdirde sorun veya \u015fikayetlerinizin \u00e7\u00f6z\u00fcmlenmesi ve gerekti\u011finde buna ili\u015fkin olarak sizinle ileti\u015fime ge\u00e7ilebilmemiz ve s\u00f6zle\u015fmenin ifas\u0131 ile ilgili olarak genel kapsam\u0131nda mal\/ hizmet sat\u0131n al\u0131m, sat\u0131\u015f s\u00fcre\u00e7lerinin ve sat\u0131\u015f sonras\u0131 destek hizmetlerinin, finans ve muhasebe i\u015flerinin y\u00fcr\u00fct\u00fclmesi ama\u00e7lar\u0131yla verilerinizi i\u015fleyece\u011fiz.<\/td>\n<\/tr>\n<tr>\n<td>\u00dcr\u00fcn\/ Hizmet Teslim\u00a0Etti\u011fimiz \u00dc\u00e7\u00fcnc\u00fc Ki\u015filer<\/td>\n<td>Kimlik bilgisi (Ad, Soyad) \u0130leti\u015fim Bilgisi (Adres, Cep Telefonu Ve, Veya \u0130\u015f Telefonu Numaras\u0131)<\/td>\n<td>Sipari\u015flerinizin bildirmi\u015f oldu\u011funuz adrese g\u00f6nderilmesi, s\u00f6zle\u015fme kapsam\u0131nda do\u011fan edimin ifas\u0131 y\u00fck\u00fcml\u00fcl\u00fc\u011f\u00fcm\u00fcz\u00fcn yerine getirilmesi ile ilgili olarak genel kapsam\u0131nda mal\/ hizmet sat\u0131n al\u0131m, sat\u0131\u015f s\u00fcre\u00e7lerinin ve sat\u0131\u015f sonras\u0131 destek hizmetlerinin y\u00fcr\u00fct\u00fclmesi ama\u00e7lar\u0131yla bu verileri i\u015fleyece\u011fiz.<\/td>\n<\/tr>\n<tr>\n<td>Cafe\/Restaurantlar\u0131m\u0131zda \u0130nternet Kullan\u0131c\u0131s\u0131 M\u00fc\u015fterilerimiz\u00a0<\/td>\n<td>Kimlik Bilgisi (Ad, Soyad) \u0130leti\u015fim Bilgisi (E-posta, Cep Telefonu Numaras\u0131) \u0130\u015flem G\u00fcvenli\u011fi Bilgisi (IP adresi, MAC adresi, Cep Telefonu Numaras\u0131)<\/td>\n<td>\u0130nternet Toplu Kullan\u0131m Sa\u011flay\u0131c\u0131lar\u0131 Hakk\u0131nda Y\u00f6netmelik kapsam\u0131nda kanuni y\u00fck\u00fcml\u00fcl\u00fc\u011f\u00fcm\u00fcz sebebiyle konusu su\u00e7 olu\u015fturan i\u00e7eriklere eri\u015fimi engellemek yahut herhangi bir eri\u015fim olmas\u0131 halinde hukuka ayk\u0131r\u0131 eylemlerin tespitini ger\u00e7ekle\u015ftirebilmek, siber g\u00fcveli\u011fi sa\u011flamak, t\u00fcm bunlara ek olarak \u00fcr\u00fcn ve hizmet pazarlama faaliyetlerimizin de y\u00fcr\u00fct\u00fclmesi ama\u00e7lar\u0131yla verilerinizi i\u015fliyoruz.<\/td>\n<\/tr>\n<tr>\n<td>Talep ve \u015eikayet \u0130letenler<\/td>\n<td>Kimlik Bilgisi (Ad, Soyad), \u0130leti\u015fim Bilgisi (E-posta, Cep Telefonu ve\/veya \u0130\u015f Telefonu Numaras\u0131) \u00c7a\u011fr\u0131 Merkezi Ses Kayd\u0131 Talep ve \u015fikayete ba\u011fl\u0131 her t\u00fcrl\u00fc bilgi<\/td>\n<td>\u00c7a\u011fr\u0131 merkezi kalite standartlar\u0131 ve sizlere yap\u0131lan g\u00f6r\u00fc\u015fmelerin hizmet\/i\u015flem g\u00fcvenli\u011finin sa\u011flayabilmek ve t\u00fcm m\u00fc\u015fteri ili\u015fkileri s\u00fcre\u00e7lerini daha iyi y\u00f6netebilmek, takip edebilmek ve raporlayabilmek gibi ama\u00e7larla verileriniz i\u015fleyece\u011fiz.<\/td>\n<\/tr>\n<\/tbody>\n<\/table>\n<\/figure>\n\n<p><strong>2. \u0130\u015flenen Ki\u015fisel Verilerinizi \u0130\u015fleme ve Aktarma Y\u00f6ntemimiz, Politikam\u0131z<\/strong><\/p>\n\n<p>Siz m\u00fc\u015fterilerimize \u00e7ok daha iyi hizmet verebilmek; \u00fcr\u00fcn ve hizmetleri belirli kalite standartlar\u0131n\u0131n \u00fczerinde sizlere sunabilmek, kendimizi geli\u015ftirmek, \u00f6neri ve \u015fikayetlerinizi dinleyebilmek, sizleri indirim ve promosyonlar\u0131m\u0131zdan haberdar etmek ve yukar\u0131da a\u00e7\u0131k\u00e7a belirtmi\u015f oldu\u011fumuz veri i\u015fleme ama\u00e7lar\u0131yla; cafe-restaurant ziyaret etmeniz halinde ziyaret etmeniz halinde kay\u0131t yapan g\u00fcvenlik kameras\u0131 sistemiyle CCTV g\u00f6r\u00fcnt\u00fcn\u00fcz\u00fc otomatik y\u00f6ntemlerle,\u00a0<a href=\"http:\/\/www.pidex.com.tr\">http:\/\/www.pidex.com.tr<\/a> internet sitemizi ziyaret etmeniz halinde dolduraca\u011f\u0131n\u0131z \u00f6neri ve g\u00f6r\u00fc\u015f formu ile otomatik olarak, cafe- restaurant\u0131m\u0131zda toplu internet sa\u011flay\u0131c\u0131m\u0131za ba\u011fland\u0131\u011f\u0131n\u0131z takdirde y\u00f6nlendirilece\u011finiz form ile otomatik olarak, fiziki ortam cafe-restaurant, sosyal medya kanallar\u0131, e-mail veya \u00e7a\u011fr\u0131 merkezi arac\u0131l\u0131\u011f\u0131yla Pidex\u2019e iletece\u011finiz her t\u00fcrl\u00fc sipari\u015f formlar\u0131, rezervasyon formlar\u0131, ba\u015fvuru formlar\u0131, talepleriniz ve \u015fikayetlerinizde yer alan ki\u015fisel verilerinizi bizimle payla\u015fman\u0131z \u00fczerine; Anayasa\u2019n\u0131n 20. maddesinin 3. f\u0131kras\u0131yla 6698 Say\u0131l\u0131 Kanun\u2019un 5. ve 6. maddelerinde \u00f6ng\u00f6r\u00fclen \u015fartlara riayet ederek a\u00e7\u0131k r\u0131zan\u0131z\u0131n al\u0131nmas\u0131 \u00fczerine me\u015fru ama\u00e7 ile uyumlu olarak otomatik yahut otomatik olmayan y\u00f6ntemlerle i\u015flemekteyiz.<\/p>\n\n<p>\u0130\u015fledi\u011fimiz verileri i\u015fbu Ayd\u0131nlatma Metni ve Gizlilik Politikas\u0131 ile belirlenen ama\u00e7lar ve kapsam d\u0131\u015f\u0131nda kullan\u0131lmamak kayd\u0131 ile uygun bilgi g\u00fcvenli\u011fi tedbirlerini de alarak i\u015flemekte ve saklamaktay\u0131z.<\/p>\n\n<p>\u00a0Ki\u015fisel verilerinizi, kanuni y\u00fck\u00fcml\u00fcl\u00fcklerimizin gere\u011fi olarak 6698 Say\u0131l\u0131 Kanun taraf\u0131ndan \u00f6ng\u00f6r\u00fclen temel ilkelere riayet ederek ve 6698 Say\u0131l\u0131 Kanun\u2019un 8. ve 9. maddelerinde belirtilen ki\u015fisel veri i\u015fleme \u015fartlar\u0131 ve ama\u00e7lar\u0131 dahilinde; kanunen yetkili kamu kurumlar\u0131yla (ilgi, belge verme ve ilgili sair y\u00fck\u00fcml\u00fcl\u00fcklerimizi yerine getirebilmek ve dava ve cevap haklar\u0131 gibi yasal haklar\u0131m\u0131z\u0131 kullanabilmek amac\u0131yla Pidex\u2019ten istenen bilgiler kanunen yetkili kurum ve kurulu\u015flara), yetkili \u00f6zel ki\u015filerle, i\u015f ortaklar\u0131m\u0131zla ve hizmet sa\u011flay\u0131c\u0131lar\u0131m\u0131zla (g\u00f6nderi,\u00a0 veri taban\u0131, dan\u0131\u015fmanl\u0131k, vb. hizmeti veren firmalar, hukuk m\u00fc\u015favirlerimiz ile), \u00f6demenizi kredi kart\u0131 ile yapman\u0131z halinde kredi kart\u0131 bilgilerinizi, ilgili banka, elektronik \u00f6deme kurulu\u015fu vb. hizmeti sa\u011flayan \u00fc\u00e7\u00fcnc\u00fc ki\u015filere aktarabiliriz. Bununla birlikte, ki\u015fisel verilerinizi yukar\u0131da say\u0131lan faaliyetler ve ilgili mevzuat\u0131n gerektirdi\u011fi haller haricinde hi\u00e7bir \u015fekilde ticari kar elde etme amac\u0131yla hukuka ayk\u0131r\u0131 olarak kullanmayacak veya \u00fc\u00e7\u00fcnc\u00fc ki\u015filerle payla\u015fmayaca\u011f\u0131z.<\/p>\n\n<p>Ki\u015fisel verilerinizi yukar\u0131da yer alan ama\u00e7larla ve yine yukar\u0131da yer alan kapsamla yurt i\u00e7inde ve yurt d\u0131\u015f\u0131nda bulunan \u00fc\u00e7\u00fcnc\u00fc ki\u015filere aktarmam\u0131z halinde ki\u015fisel verilerin g\u00fcvenli\u011fini sa\u011flamak amac\u0131yla gerekli idari, teknik ve hukuki tedbirlerin al\u0131naca\u011f\u0131n\u0131 da belirtmek isteriz.<\/p>\n\n<p><strong>3. Ki\u015fisel Verilerinizi Koruma Politikam\u0131z<\/strong><\/p>\n\n<p>Ki\u015fisel verilerinizin korunmas\u0131 Pidex i\u00e7in olduk\u00e7a \u00f6nemli olup herhangi bir hak kayb\u0131na, hukuka ayk\u0131r\u0131l\u0131\u011fa sebebiyet vermemek i\u00e7in gerekli hassasiyeti g\u00f6stermekteyiz. Bu \u00e7er\u00e7evede Pidex olarak ki\u015fisel verilere yetkisiz eri\u015fim veya bu bilgilerin kayb\u0131, hatal\u0131 kullan\u0131m\u0131, if\u015fa edilmesi, de\u011fi\u015ftirilmesi veya imha edilmesine kar\u015f\u0131 korumak i\u00e7in gerekli \u00f6nlemleri almaktay\u0131z.<\/p>\n\n<p>\u00a0\u0130lave olarak belirtmek isteriz ki; ki\u015fisel verilerinizi gizli tutmay\u0131, gizlili\u011fin sa\u011flanmas\u0131 ve g\u00fcvenli\u011fi i\u00e7in gerekli fiziki, teknik ve idari her t\u00fcrl\u00fc tedbiri almay\u0131 ve gerekli \u00f6zeni g\u00f6stermeyi taahh\u00fct etmekteyiz.<\/p>\n\n<p>\u00a0Taraf\u0131m\u0131zca gerekli bilgi g\u00fcvenli\u011fi \u00f6nlemlerin almas\u0131na kar\u015f\u0131n, internet sitemize, \u00fcretim ve operasyonel faaliyetlerimizi y\u00f6netirken kullanmakta oldu\u011fumuz sistemlere yap\u0131lan sald\u0131r\u0131lar sonucunda ki\u015fisel verilerin zarar g\u00f6rmesi veya \u00fc\u00e7\u00fcnc\u00fc ki\u015filerin eline ge\u00e7mesi durumunda, bu durum derhal sizlere ve Ki\u015fisel Verileri Koruma Kurulu\u2019na bildirilecek; gerekli \u00f6nlemler al\u0131nacakt\u0131r.<\/p>\n\n<p><strong>\u00a0<\/strong>\u00a0<strong>II. K\u0130\u015e\u0130SEL VER\u0130LER\u0130N\u0130ZE \u0130L\u0130\u015eK\u0130N HAKLARINIZ<\/strong><\/p>\n\n<p><strong>\u00a0<\/strong>Ki\u015fisel verilerinizin korunmas\u0131 s\u00fcrecinde \u201cki\u015fisel veri sahibi\u201d s\u0131fat\u0131yla her zaman; ki\u015fisel verileriniz hakk\u0131nda bilgilendirilme, bu verilere eri\u015fme, bunlar\u0131n d\u00fczeltilmesini veya silinmesini talep etme ve ama\u00e7lar\u0131 do\u011frultusunda kullan\u0131l\u0131p kullan\u0131lmad\u0131\u011f\u0131n\u0131 \u00f6\u011frenmeyi talep etme haklar\u0131n\u0131z bulunmaktad\u0131r. Bu haklar\u0131n\u0131z 6698 Say\u0131l\u0131 Kanun\u2019un 11. maddesinde a\u00e7\u0131k\u00e7a d\u00fczenlenmi\u015f olup maddenin tam metni a\u015fa\u011f\u0131da bilgilerinize sunulmaktad\u0131r.<\/p>\n\n<p>\u00a0<em>\u201c<strong>\u0130lgili ki\u015finin haklar\u0131<\/strong><\/em><\/p>\n\n<p><strong><em>MADDE 11-<\/em><\/strong><em>\u00a0(1) Herkes, veri sorumlusuna ba\u015fvurarak kendisiyle ilgili;<\/em><\/p>\n\n<p><em>a) Ki\u015fisel veri i\u015flenip i\u015flenmedi\u011fini \u00f6\u011frenme,<\/em><\/p>\n\n<p><em>b) Ki\u015fisel verileri i\u015flenmi\u015fse buna ili\u015fkin bilgi talep etme,<\/em><\/p>\n\n<p><em>c) Ki\u015fisel verilerin i\u015flenme amac\u0131n\u0131 ve bunlar\u0131n amac\u0131na uygun kullan\u0131l\u0131p kullan\u0131lmad\u0131\u011f\u0131n\u0131 \u00f6\u011frenme, \u00e7) Yurt i\u00e7inde veya yurt d\u0131\u015f\u0131nda ki\u015fisel verilerin aktar\u0131ld\u0131\u011f\u0131 \u00fc\u00e7\u00fcnc\u00fc ki\u015fileri bilme,<\/em><\/p>\n\n<p><em>d) Ki\u015fisel verilerin eksik veya yanl\u0131\u015f i\u015flenmi\u015f olmas\u0131 h\u00e2linde bunlar\u0131n d\u00fczeltilmesini isteme, 12305<\/em><\/p>\n\n<p><em>e) 7 nci maddede \u00f6ng\u00f6r\u00fclen \u015fartlar \u00e7er\u00e7evesinde ki\u015fisel verilerin silinmesini veya yok edilmesini isteme,<\/em><\/p>\n\n<p><em>f) (d) ve (e) bentleri uyar\u0131nca yap\u0131lan i\u015flemlerin, ki\u015fisel verilerin aktar\u0131ld\u0131\u011f\u0131 \u00fc\u00e7\u00fcnc\u00fc ki\u015filere bildirilmesini isteme,<\/em><\/p>\n\n<p><em>g) \u0130\u015flenen verilerin m\u00fcnhas\u0131ran otomatik sistemler vas\u0131tas\u0131yla analiz edilmesi suretiyle ki\u015finin kendisi aleyhine bir sonucun ortaya \u00e7\u0131kmas\u0131na itiraz etme,<\/em><\/p>\n\n<p><em>\u011f) Ki\u015fisel verilerin kanuna ayk\u0131r\u0131 olarak i\u015flenmesi sebebiyle zarara u\u011framas\u0131 h\u00e2linde zarar\u0131n giderilmesini talep etme, haklar\u0131na sahiptir.\u201d<\/em><\/p>\n\n<p><strong>\u00a0<\/strong><br \/>\u0130\u015fbu hakk\u0131n\u0131z \u00e7er\u00e7evesinde; Pidex\u2019in \u201cMeydankava\u011f\u0131 Mah. 1563 No:4\/14 Muratpa\u015fa\/Antalya\u201d adresine yaz\u0131l\u0131 olarak yahut g\u00fcvenli elektronik imzan\u0131zla posta adresinizden\u00a0<a href=\"mailto:info@pidex.com.tr\">info@pidex.com.tr<\/a>\u00a0e-posta adresimize mailinizi g\u00f6ndermek suretiyle ba\u015fvuruda bulunabilirsiniz.<\/p>\n\n<p>\u00a0Bu ama\u00e7larla yapt\u0131\u011f\u0131n\u0131z ba\u015fvurunun ek bir maliyet gerektirmesi durumunda, Ki\u015fisel Verileri Koruma Kurulu taraf\u0131ndan belirlenecek tarifedeki \u00fccret tutar\u0131n\u0131 \u00f6demeniz gerekebilir. Ba\u015fvurunuzda yer alan talepleriniz, ba\u015fvurunuzun Pidex\u2019e ula\u015fmas\u0131 akabinde en ge\u00e7 30 (otuz) g\u00fcn i\u00e7inde sonu\u00e7land\u0131r\u0131lacakt\u0131r.<\/p>\n\n<p>\u00a06698 say\u0131l\u0131 Kanun ve ilgili mevzuat kapsam\u0131nda ki\u015fisel verileriniz ile verilerinize ili\u015fkin haklar\u0131n\u0131z hakk\u0131nda detayl\u0131 bilgi almak isterseniz Ki\u015fisel Verileri Koruma Kurumu\u2019nun internet sayfas\u0131n\u0131 (<a href=\"https:\/\/www.kvkk.gov.tr\/\">https:\/\/www.kvkk.gov.tr\/<\/a>) ziyaret edebilirsiniz.<\/p>\n\n<p>\u00a0<strong>III. DE\u011e\u0130\u015e\u0130KL\u0130KLER<\/strong><\/p>\n\n<p>Pidex, i\u015fbu Gizlilik Politikas\u0131&#8217;nda her zaman de\u011fi\u015fiklik yapabilir. Bu de\u011fi\u015fiklikler, de\u011fi\u015ftirilmi\u015f yeni h\u00fck\u00fcm ve\/veya politikalar\u0131n Site&#8217;de yay\u0131nlanmas\u0131yla birlikte derhal ge\u00e7erlilik kazan\u0131r. B\u00f6yle bir de\u011fi\u015flik halinde, siz k\u0131ymetli m\u00fc\u015fterilerimize gerekli bilgilendirme yap\u0131lacakt\u0131r.<\/p>\n\t\t\t\t\t\t\t\t<\/div>\n\t\t\t\t<\/div>\n\t\t\t\t\t<\/div>\n\t\t<\/div>\n\t\t\t\t\t<\/div>\n\t\t<\/section>\n\t\t\t\t<\/div>\n\t\t","protected":false},"excerpt":{"rendered":"<p>K\u0130\u015e\u0130SEL VER\u0130LER\u0130N \u0130\u015eLENMES\u0130NE \u0130L\u0130\u015eK\u0130NAYDINLATMA METN\u0130 VE G\u0130ZL\u0130L\u0130K POL\u0130T\u0130KASI \u0130\u015fbu Gizlilik Politikas\u0131 temel olarak; veri sorumlusu s\u0131fat\u0131yla Pideks Unlu Mam\u00fclleri G\u0131da Turizm \u0130n\u015faat Ticaret ve Sanayi Limited \u015eirketi\u00a0\u00a0 (bundan sonra \u201cPidex\u201d olarak an\u0131lacakt\u0131r.),6698 Say\u0131l\u0131 Ki\u015fisel Verilerin Korunmas\u0131 Hakk\u0131nda Kanun ile uyumlu olarak \u00a01. Hangi ki\u015fisel&#8230; <\/p>\n<div class=\"readmore\"><a href=\"https:\/\/pidex.com.tr\/tr\/kvkk\" class=\"kf-btn-link\"><span>Daha fazla oku<\/span> <i class=\"fas fa-chevron-right\"><\/i><\/a><\/div>\n","protected":false},"author":1,"featured_media":0,"parent":0,"menu_order":0,"comment_status":"closed","ping_status":"closed","template":"template-layout-builder.php","meta":{"footnotes":""},"class_list":["post-1659","page","type-page","status-publish","hentry"],"acf":[],"_links":{"self":[{"href":"https:\/\/pidex.com.tr\/tr\/wp-json\/wp\/v2\/pages\/1659","targetHints":{"allow":["GET"]}}],"collection":[{"href":"https:\/\/pidex.com.tr\/tr\/wp-json\/wp\/v2\/pages"}],"about":[{"href":"https:\/\/pidex.com.tr\/tr\/wp-json\/wp\/v2\/types\/page"}],"author":[{"embeddable":true,"href":"https:\/\/pidex.com.tr\/tr\/wp-json\/wp\/v2\/users\/1"}],"replies":[{"embeddable":true,"href":"https:\/\/pidex.com.tr\/tr\/wp-json\/wp\/v2\/comments?post=1659"}],"version-history":[{"count":12,"href":"https:\/\/pidex.com.tr\/tr\/wp-json\/wp\/v2\/pages\/1659\/revisions"}],"predecessor-version":[{"id":1673,"href":"https:\/\/pidex.com.tr\/tr\/wp-json\/wp\/v2\/pages\/1659\/revisions\/1673"}],"wp:attachment":[{"href":"https:\/\/pidex.com.tr\/tr\/wp-json\/wp\/v2\/media?parent=1659"}],"curies":[{"name":"wp","href":"https:\/\/api.w.org\/{rel}","templated":true}]}}