{"id":1659,"date":"2022-08-29T10:29:37","date_gmt":"2022-08-29T10:29:37","guid":{"rendered":"https:\/\/vavamedya.com\/pidex\/?page_id=1659"},"modified":"2022-08-29T10:37:51","modified_gmt":"2022-08-29T10:37:51","slug":"kvkk","status":"publish","type":"page","link":"https:\/\/pidex.com.tr\/fr\/kvkk","title":{"rendered":"KVKK"},"content":{"rendered":"<div data-elementor-type=\"wp-page\" data-elementor-id=\"1659\" class=\"elementor elementor-1659\">\n\t\t\t\t\t\t<section class=\"elementor-section elementor-top-section elementor-element elementor-element-1eec450f elementor-section-boxed elementor-section-height-default elementor-section-height-default\" data-id=\"1eec450f\" data-element_type=\"section\" data-e-type=\"section\">\n\t\t\t\t\t\t<div class=\"elementor-container elementor-column-gap-wide\">\n\t\t\t\t\t<div class=\"elementor-column elementor-col-100 elementor-top-column elementor-element elementor-element-5d2eb208\" data-id=\"5d2eb208\" data-element_type=\"column\" data-e-type=\"column\">\n\t\t\t<div class=\"elementor-widget-wrap elementor-element-populated\">\n\t\t\t\t\t\t<div class=\"elementor-element elementor-element-f14a111 elementor-widget elementor-widget-heading\" data-id=\"f14a111\" data-element_type=\"widget\" data-e-type=\"widget\" data-widget_type=\"heading.default\">\n\t\t\t\t<div class=\"elementor-widget-container\">\n\t\t\t\t\t<h3 class=\"elementor-heading-title elementor-size-default\">CONCERNANT LE TRAITEMENT DES DONN\u00c9ES \u00c0 CARACT\u00c8RE PERSONNEL<br>POLITIQUE DE CONFIDENTIALIT\u00c9 ET L&#039;\u00c9CLAIRAGE DE TEXTE<\/h3>\t\t\t\t<\/div>\n\t\t\t\t<\/div>\n\t\t\t\t<div class=\"elementor-element elementor-element-797df76a elementor-widget elementor-widget-text-editor\" data-id=\"797df76a\" data-element_type=\"widget\" data-e-type=\"widget\" data-widget_type=\"text-editor.default\">\n\t\t\t\t<div class=\"elementor-widget-container\">\n\t\t\t\t\t\t\t\t\t\n<p>Comme la base de la pr\u00e9sente Politique de Confidentialit\u00e9; responsable pour les donn\u00e9es Pideks en sa qualit\u00e9 de produits de boulangerie, de l&#039;alimentation, du tourisme, de la construction, du commerce et de l&#039;Industrie, Soci\u00e9t\u00e9 \u00e0 responsabilit\u00e9 Limit\u00e9e (ci-apr\u00e8s \u201cPidex d\u00e9nomm\u00e9\u201d),conform\u00e9ment \u00c0 la Loi N \u00b0 6698 sur la protection des donn\u00e9es \u00e0 caract\u00e8re personnel<\/p>\n\n<p>\u00a01. Dans lequel vos donn\u00e9es personnelles que nous recueillons, comment nous les utilisons et \u00e0 qui nous partageons vos donn\u00e9es personnelles pidex les donn\u00e9es collect\u00e9es peuvent<\/p>\n\n<p>\u00a02. Quels sont vos droits et vos demandes, vous pouvez nous l&#039;indiquer en ce qui concerne vos donn\u00e9es en cours de traitement, vous explique comment vous pouvez utiliser ces droits.<\/p>\n\n<p><strong>\u00a0I. Le traitement de vos donn\u00e9es personnelles<\/strong><\/p>\n\n<p><strong>\u00a01. Nous traitons vos donn\u00e9es personnelles et vos donn\u00e9es personnelles sont trait\u00e9es objectif<\/strong><\/p>\n\n<p>Vous ou un tiers, ou \u00eatre obligatoire pour la protection des droits d&#039;utilisation de la propri\u00e9t\u00e9, sous r\u00e9serve des droits et libert\u00e9s fondamentaux de vous pidex pr\u00e9judice aux int\u00e9r\u00eats l\u00e9gitimes du traitement de vos donn\u00e9es personnelles pour des raisons telles que la n\u00e9cessit\u00e9 de la pr\u00e9sence; afin d&#039;obtenir le plus d&#039;avantages de produits ou services que l&#039;entreprise offre, la gestion des processus connexes, afin de prot\u00e9ger la cr\u00e9dibilit\u00e9 de notre marque, gestion de la relation client, gestion des processus, satisfaction de la client\u00e8le des activit\u00e9s de planification et d&#039;ex\u00e9cution, et le suivi des demandes des clients et des plaintes des clients, la prise de risques financiers pour l&#039;identification des activit\u00e9s, le suivi des affaires, de la finance et de la comptabilit\u00e9, des transactions commerciales et l\u00e9gales de la planification et de l&#039;ex\u00e9cution des activit\u00e9s commerciales suivantes activit\u00e9s commerciales de l&#039;efficacit\u00e9\/efficacit\u00e9\/rapidit\u00e9 d&#039;ex\u00e9cution de l&#039;analyse de la mise en \u0153uvre de l&#039;ex\u00e9cution des activit\u00e9s, l&#039;ex\u00e9cution des activit\u00e9s n\u00e9cessaires pour assurer la continuit\u00e9 des affaires, communications de l&#039;entreprise les activit\u00e9s, les processus, les activit\u00e9s de l&#039;entreprise les proc\u00e9dures de la compagnie et\/ou les activit\u00e9s op\u00e9rationnelles en conformit\u00e9 avec la l\u00e9gislation pertinente pour l&#039;ex\u00e9cution de la gestion, de garantir la s\u00e9curit\u00e9 des op\u00e9rations de la soci\u00e9t\u00e9, des activit\u00e9s de planification strat\u00e9gique, de la planification et de l&#039;ex\u00e9cution de la production et le fonctionnement des processus, des produits et des services des ventes et de la commercialisation de la recherche et du dimanche pour l&#039;ex\u00e9cution des activit\u00e9s de marketing,<\/p>\n\n<figure class=\"wp-block-table\">\n<table>\n<tbody>\n<tr>\n<td>Caf\u00e9\/Restaurant, Les Visiteurs,<\/td>\n<td>Cam\u00e9ra De S\u00e9curit\u00e9 M\u00e9trage<\/td>\n<td>\u00a0 \u00a0 Susceptible de se produire un acte en violation de la loi, ou le comportement est principalement un crime contre vous, nos employ\u00e9s et notre soci\u00e9t\u00e9 de ne pas traiter cette information dans le but d&#039;assurer la s\u00e9curit\u00e9 des autres tierces parties.<\/td>\n<\/tr>\n<tr>\n<td>Caf\u00e9\/Restaurant De La Client\u00e8le<\/td>\n<td>Cam\u00e9ra de s\u00e9curit\u00e9 d&#039;image de donn\u00e9es d&#039;identification (nom, pr\u00e9nom, coordonn\u00e9es (demande de services et de Processus, si n\u00e9cessaire, par adresse, t\u00e9l\u00e9phone mobile, t\u00e9l\u00e9phone Ou e-mail) pour enregistrer un visuel (Photo, votre photo est imprim\u00e9e dans un produit si vous d\u00e9cidez de commander) informations pour le Shopping, le shopping, la date, l&#039;heure, la quantit\u00e9, le contenu, les m\u00e9thodes de paiement, les informations de facturation, etc.), informations financi\u00e8res (compte bancaire ou de carte de cr\u00e9dit)<\/td>\n<td>Marketing\/ventes de nos activit\u00e9s concernant la conclusion des contrats, l&#039;organisation de vos factures, vos ordres seront envoy\u00e9s \u00e0 votre adresse, re\u00e7u de paiement, si vous communiquez avec nous, afin que nous puissions r\u00e9soudre votre plainte ou probl\u00e8me que vous avez contact\u00e9 et si n\u00e9cessaire en rapport avec l&#039;ex\u00e9cution du contrat dans le cadre g\u00e9n\u00e9ral \u00e0 l&#039;\u00e9gard des marchandises\/ services d&#039;achat processus de vente et la vente de services de soutien, nous traiterons vos donn\u00e9es aux fins de la conduite des affaires, de la finance et de la comptabilit\u00e9.<\/td>\n<\/tr>\n<tr>\n<td>Produit\/ Service que Nous avons Livr\u00e9 La Troisi\u00e8me Personne<\/td>\n<td>Les informations d&#039;identit\u00e9 (nom, pr\u00e9nom, coordonn\u00e9es (adresse, t\u00e9l\u00e9phone cellulaire, ou num\u00e9ro de t\u00e9l\u00e9phone au travail)<\/td>\n<td>\u00catre envoy\u00e9 \u00e0 l&#039;adresse que vous avez soumis vos commandes \u00e0 notre engagement \u00e0 l&#039;\u00e9gard de l&#039;ex\u00e9cution de toute obligation d\u00e9coulant du contrat dans le cadre g\u00e9n\u00e9ral de la r\u00e9alisation de biens ou de services d&#039;achat, de vente et d&#039;apr\u00e8s-vente, processus, nous allons traiter ces donn\u00e9es aux fins de l&#039;ex\u00e9cution des services.<\/td>\n<\/tr>\n<tr>\n<td>Caf\u00e9\/Restaurant Clients \u00c0 Nos Utilisateurs D&#039;Internet\u00a0<\/td>\n<td>Les informations d&#039;identit\u00e9 (nom, pr\u00e9nom) des informations de contact (e-mail, num\u00e9ro de t\u00e9l\u00e9phone mobile) Processus de S\u00e9curit\u00e9 de l&#039;Information (adresse IP, adresse MAC, num\u00e9ro de t\u00e9l\u00e9phone mobile)<\/td>\n<td>L&#039;utilisation publique en vertu de la r\u00e9glementation de l&#039;internet, les fournisseurs de contenu ou de toute obligation l\u00e9gale, sous r\u00e9serve du respect de nos p\u00e9nale emp\u00eacher l&#039;acc\u00e8s si vous avez acc\u00e8s afin d&#039;effectuer la d\u00e9tection d&#039;actes illicites, la cyber-s\u00e9curit\u00e9, pour s&#039;assurer que, en plus de tout cela, nous avons besoin de vos donn\u00e9es aux fins de l&#039;ex\u00e9cution de produits et de services les activit\u00e9s de marketing.<\/td>\n<\/tr>\n<tr>\n<td>Ils se plaignent et de la demande iletenl<\/td>\n<td>Les informations d&#039;identit\u00e9 (nom, pr\u00e9nom), des informations de contact (e-mail, t\u00e9l\u00e9phone cellulaire et\/ou num\u00e9ro de t\u00e9l\u00e9phone) de centre d&#039;appel de l&#039;enregistrement de la voix d&#039;informations sur toutes sortes de plaintes et de demandes de<\/td>\n<td>Centre d&#039;appel des normes de qualit\u00e9 et les interviews de Service\/Relations avec la Client\u00e8le et assurer la s\u00e9curit\u00e9 de tous les processus de transaction de mieux g\u00e9rer, de suivre et de faire rapport, nous traiterons vos donn\u00e9es \u00e0 des fins telles que pour \u00eatre en mesure de.<\/td>\n<\/tr>\n<\/tbody>\n<\/table>\n<\/figure>\n\n<p><strong>2. Notre m\u00e9thode de gestion et de transfert de donn\u00e9es \u00e0 caract\u00e8re personnel trait\u00e9es, notre politique<\/strong><\/p>\n\n<p>Afin de vous fournir un bien meilleur service \u00e0 nos clients d&#039;\u00eatre en mesure de vous offrir certains produits et services sur les normes de qualit\u00e9, de nous am\u00e9liorer pour \u00eatre en mesure d&#039;\u00e9couter les suggestions et les plaintes, afin de vous tenir inform\u00e9 de toutes nos promotions et rabais qui vous ont \u00e9t\u00e9 clairement \u00e9nonc\u00e9s ci-dessus et pour les finalit\u00e9s du traitement des donn\u00e9es; caf\u00e9-restaurant \u00e0 visiter si vous \u00eates de visite de votre CCTV syst\u00e8me de cam\u00e9ra de s\u00e9curit\u00e9 automatique de l&#039;image la m\u00e9thode d&#039;enregistrement\u00a0<a href=\"https:\/\/pidex.com.tr\/fr\/\">http:\/\/www.pidex.com.tr<\/a> si vous visitez notre site internet et remplissez le formulaire automatiquement avec des suggestions et des commentaires, caf\u00e9 - restaurant, si vous vous connectez \u00e0 notre collectif, notre fournisseur de services internet, le formulaire doit \u00eatre transmis automatiquement \u00e0 l&#039;environnement physique, le caf\u00e9-restaurant les canaux de m\u00e9dias sociaux, e-mail ou via le centre d&#039;appel pidex vous fournir \u00e0 des bons de commande, formulaires de r\u00e9servation, les formulaires de demande, les demandes et les plaintes sur nous dans le partage de vos donn\u00e9es \u00e0 caract\u00e8re personnel; 20 de la Constitution. \u00a7 3. L&#039;Article 5 de la loi du paragraphe 6698. et 6. d\u00e8s r\u00e9ception de votre consentement \u00e0 respecter les conditions stipul\u00e9es dans les articles par un objectif l\u00e9gitime en vertu soit de l&#039;automatique ou non automatique de m\u00e9thodes de traitement.<\/p>\n\n<p>Nous nous sommes engag\u00e9s \u00e0 le texte et de pr\u00e9senter les donn\u00e9es tel que d\u00e9termin\u00e9 par l&#039;\u00e9clairage de la politique de confidentialit\u00e9 des objectifs et des informations appropri\u00e9es les mesures de s\u00e9curit\u00e9 qui ne seront pas utilis\u00e9es en dehors de la port\u00e9e par le processus avec le magasin de disques.<\/p>\n\n<p>\u00a0Nos obligations l\u00e9gales vos informations Personnellement Identifiables que requis par la Loi n \u00b0 6698 6698 et de respecter les principes de base prescrites par l&#039;Article 8 de la loi. et 9. les conditions et pour les finalit\u00e9s pr\u00e9cis\u00e9es dans les articles pour le traitement de donn\u00e9es \u00e0 caract\u00e8re personnel; l&#039;application de la loi, les institutions publiques (exporter le document d&#039;int\u00e9r\u00eat et li\u00e9es au po\u00e8te et la r\u00e9ponse de remplir nos obligations \u00e0 l&#039;exercice de nos droits tels que les droits et les cas afin d&#039;\u00eatre en mesure pidex les informations demand\u00e9es \u00e0 partir de l&#039;application de la loi les organismes et organisations), avec les personnes en charge, nos partenaires commerciaux et nos fournisseurs de services (comme les frais d&#039;exp\u00e9dition, base de donn\u00e9es, de la consultation, etc. les entreprises de service, notre conseiller juridique), si vous effectuez votre paiement avec votre carte de cr\u00e9dit, vos informations de carte de cr\u00e9dit, li\u00e9e \u00e0 la banque \u00e9lectronique, fournisseur de services de paiement, etc. nous pouvons transf\u00e9rer vos donn\u00e9es \u00e0 des tiers qui fournissent le service. Cependant, vos donn\u00e9es personnelles tel que requis par les activit\u00e9s mentionn\u00e9es ci-dessus et dans les r\u00e8glements connexes, qui n&#039;est pas contraire \u00e0 la loi, afin de gagner un b\u00e9n\u00e9fice de quelque mani\u00e8re, sauf \u00e0 utiliser ou partager avec des tiers nous ne sera pas.<\/p>\n\n<p>Et encore avec le champ ci-dessus et pour les finalit\u00e9s d\u00e9crites ci-dessus, vos donn\u00e9es personnelles \u00e0 l&#039;int\u00e9rieur et \u00e0 l&#039;ext\u00e9rieur du pays dans le cas de la s\u00e9curit\u00e9 du transfert de donn\u00e9es personnelles \u00e0 des tiers que nous faisons afin d&#039;assurer le n\u00e9cessaire administratif, technique et juridique, des mesures seront prises, nous ne pouvons pas le garantir.<\/p>\n\n<p><strong>3. Protection Des Donn\u00e9es Personnelles<\/strong><\/p>\n\n<p>La protection de vos donn\u00e9es personnelles est tr\u00e8s importante, et la perte de tout droit \u00e0 Pidex, nous d\u00e9montrons la sensibilit\u00e9 n\u00e9cessaire pour \u00e9viter de donner lieu \u00e0 une violation de la loi. Dans ce contexte, vos donn\u00e9es personnelles contre tout acc\u00e8s non autoris\u00e9 ou Pidex ces renseignements contre la perte, la mauvaise utilisation, la divulgation, l&#039;alt\u00e9ration ou la destruction prend des pr\u00e9cautions appropri\u00e9es pour prot\u00e9ger.<\/p>\n\n<p>\u00a0En outre, nous tenons \u00e0 souligner; de garder la confidentialit\u00e9 de vos donn\u00e9es personnelles, n\u00e9cessaires pour la s\u00e9curit\u00e9 et la confidentialit\u00e9 de fournir physiques, techniques et administratives, et nous nous engageons \u00e0 prendre toutes les mesures n\u00e9cessaires pour faire preuve de diligence raisonnable.<\/p>\n\n<p>\u00a0M\u00eame si elle prend la s\u00e9curit\u00e9 de l&#039;information mesures n\u00e9cessaires \u00e0 notre site web, la production et les activit\u00e9s op\u00e9rationnelles, comme les attaques sur les syst\u00e8mes que nous utilisons dans la gestion de nos donn\u00e9es personnelles dans les mains d&#039;un tiers, ni des dommages, ce doit \u00eatre notifi\u00e9e imm\u00e9diatement et la protection des donn\u00e9es personnelles conseil d&#039;administration; et les mesures n\u00e9cessaires seront prises.<\/p>\n\n<p><strong>\u00a0<\/strong>\u00a0<strong>II. VOS DROITS CONCERNANT VOS DONN\u00c9ES PERSONNELLES<\/strong><\/p>\n\n<p><strong>\u00a0<\/strong>Dans le processus de protection de vos donn\u00e9es personnelles les donn\u00e9es personnelles du propri\u00e9taire,\u201d comme toujours, d&#039;\u00eatre inform\u00e9 sur vos donn\u00e9es personnelles, ces donn\u00e9es d&#039;acc\u00e8s, de Modification, de rectification ou de demande de suppression de savoir si vous avez le droit de demander et ont \u00e9t\u00e9 utilis\u00e9s \u00e0 de nombreuses fins. L&#039;Article 11 de la pr\u00e9sente loi 6698 vos droits. l&#039;article est claire et le texte int\u00e9gral de l&#039;article est pr\u00e9sent\u00e9 ci-dessous.<\/p>\n\n<p>\u00a0<em>\u201c<strong>Les droits de la personne concern\u00e9e<\/strong><\/em><\/p>\n\n<p><strong><em>Article 11-<\/em><\/strong><em>\u00a0(1) tout le monde, concernant lui-m\u00eame, en communiquant avec le gestionnaire de donn\u00e9es;<\/em><\/p>\n\n<p><em>A) si les donn\u00e9es personnelles ont \u00e9t\u00e9 trait\u00e9es \u00e0 l&#039;apprentissage<\/em><\/p>\n\n<p><em>b) si les donn\u00e9es personnelles sont trait\u00e9es, de revendiquer la connaissance de celui-ci,<\/em><\/p>\n\n<p><em>c) les finalit\u00e9s du traitement de donn\u00e9es \u00e0 caract\u00e8re personnel et que l&#039;apprentissage est utilis\u00e9 conform\u00e9ment \u00e0 leur objet, (C) vos donn\u00e9es personnelles sont transf\u00e9r\u00e9es \u00e0 l&#039;int\u00e9rieur ou \u00e0 l&#039;ext\u00e9rieur du pays, la connaissance de tiers,<\/em><\/p>\n\n<p><em>d) lorsque les donn\u00e9es personnelles sont trait\u00e9es manquants ou mal, si vous demandez \u00e0 \u00eatre corrig\u00e9, 12305<\/em><\/p>\n\n<p><em>e) dans le cadre des conditions pr\u00e9vues \u00e0 l&#039;Article 7 de la destruction ou de suppression de vos donn\u00e9es personnelles,de demander<\/em><\/p>\n\n<p><em>f) (d) et (e) les op\u00e9rations en conformit\u00e9 avec les paragraphes, les donn\u00e9es \u00e0 caract\u00e8re personnel transf\u00e9r\u00e9es \u00e0 des tiers qui demandent \u00e0 \u00eatre inform\u00e9s de,<\/em><\/p>\n\n<p><em>g) en analysant les donn\u00e9es trait\u00e9es exclusivement par le biais de syst\u00e8mes automatis\u00e9s, l&#039;un contre soi-m\u00eame, \u00e0 l&#039;issue de l&#039;appel,<\/em><\/p>\n\n<p><em>G) en cas de dommages dus \u00e0 un traitement illicite de donn\u00e9es \u00e0 caract\u00e8re personnel a le droit de demander des dommages et int\u00e9r\u00eats pour \u00eatre fix\u00e9.\u201d<\/em><\/p>\n\n<p><strong>\u00a0<\/strong><br \/>Dans le cadre de ce droit; pidex de \u201cMeydankava\u011fi Mah. 1563 Pas:4\/14 Muratpa\u015fa\/Antalya\u201d en \u00e9crivant \u00e0 l&#039;adresse ou adresse de courrier \u00e9lectronique avec votre signature\u00a0<a href=\"mailto:info@pidex.com.tr\">info@pidex.com.tr<\/a>\u00a0notre adresse e-mail, vous pouvez postuler en envoyant un mail \u00e0.<\/p>\n\n<p>\u00a0Dans le cas d&#039;exiger des frais suppl\u00e9mentaires \u00e0 votre demande pour ces fins, les Donn\u00e9es Personnelles de la Commission de Protection dans le bar\u00e8me des frais est d\u00e9termin\u00e9 par le montant que vous aurez \u00e0 payer. Votre demande est situ\u00e9 sur votre demande, pidex votre demande d\u00e8s qu&#039;elle est re\u00e7ue au plus tard 30 (trente) jours sera conclu.<\/p>\n\n<p>\u00a06698 la loi et vos droits concernant vos donn\u00e9es avec vos donn\u00e9es personnelles conform\u00e9ment \u00e0 la l\u00e9gislation pertinente si vous souhaitez obtenir des informations d\u00e9taill\u00e9es sur la page Web de l&#039;autorit\u00e9 de protection des donn\u00e9es personnelles (<a href=\"https:\/\/www.kvkk.gov.tr\/\">https:\/\/www.kvkk.gov.tr\/<\/a>vous pouvez visiter.<\/p>\n\n<p>\u00a0<strong>III. Les CHANGEMENTS<\/strong><\/p>\n\n<p>Pidex, peut apporter des modifications \u00e0 cette Politique de Confidentialit\u00e9 \u00e0 tout moment. Ces changements modifi\u00e9 les conditions g\u00e9n\u00e9rales et\/ou des politiques doit prendre effet imm\u00e9diatement d\u00e8s leur publication sur le site. Dans le cas d&#039;un tel changement, les informations n\u00e9cessaires vous seront utiles pour nos clients.<\/p>\n\t\t\t\t\t\t\t\t<\/div>\n\t\t\t\t<\/div>\n\t\t\t\t\t<\/div>\n\t\t<\/div>\n\t\t\t\t\t<\/div>\n\t\t<\/section>\n\t\t\t\t<\/div>","protected":false},"excerpt":{"rendered":"<p>K\u0130\u015e\u0130SEL VER\u0130LER\u0130N \u0130\u015eLENMES\u0130NE \u0130L\u0130\u015eK\u0130NAYDINLATMA METN\u0130 VE G\u0130ZL\u0130L\u0130K POL\u0130T\u0130KASI \u0130\u015fbu Gizlilik Politikas\u0131 temel olarak; veri sorumlusu s\u0131fat\u0131yla Pideks Unlu Mam\u00fclleri G\u0131da Turizm \u0130n\u015faat Ticaret ve Sanayi Limited \u015eirketi\u00a0\u00a0 (bundan sonra \u201cPidex\u201d olarak an\u0131lacakt\u0131r.),6698 Say\u0131l\u0131 Ki\u015fisel Verilerin Korunmas\u0131 Hakk\u0131nda Kanun ile uyumlu olarak \u00a01. Hangi ki\u015fisel&#8230; <\/p>\n<div class=\"readmore\"><a href=\"https:\/\/pidex.com.tr\/fr\/kvkk\" class=\"kf-btn-link\"><span>Read more<\/span> <i class=\"fas fa-chevron-right\"><\/i><\/a><\/div>","protected":false},"author":1,"featured_media":0,"parent":0,"menu_order":0,"comment_status":"closed","ping_status":"closed","template":"template-layout-builder.php","meta":{"footnotes":""},"class_list":["post-1659","page","type-page","status-publish","hentry"],"acf":[],"_links":{"self":[{"href":"https:\/\/pidex.com.tr\/fr\/wp-json\/wp\/v2\/pages\/1659","targetHints":{"allow":["GET"]}}],"collection":[{"href":"https:\/\/pidex.com.tr\/fr\/wp-json\/wp\/v2\/pages"}],"about":[{"href":"https:\/\/pidex.com.tr\/fr\/wp-json\/wp\/v2\/types\/page"}],"author":[{"embeddable":true,"href":"https:\/\/pidex.com.tr\/fr\/wp-json\/wp\/v2\/users\/1"}],"replies":[{"embeddable":true,"href":"https:\/\/pidex.com.tr\/fr\/wp-json\/wp\/v2\/comments?post=1659"}],"version-history":[{"count":12,"href":"https:\/\/pidex.com.tr\/fr\/wp-json\/wp\/v2\/pages\/1659\/revisions"}],"predecessor-version":[{"id":1673,"href":"https:\/\/pidex.com.tr\/fr\/wp-json\/wp\/v2\/pages\/1659\/revisions\/1673"}],"wp:attachment":[{"href":"https:\/\/pidex.com.tr\/fr\/wp-json\/wp\/v2\/media?parent=1659"}],"curies":[{"name":"wp","href":"https:\/\/api.w.org\/{rel}","templated":true}]}}