{"id":1659,"date":"2022-08-29T10:29:37","date_gmt":"2022-08-29T10:29:37","guid":{"rendered":"https:\/\/vavamedya.com\/pidex\/?page_id=1659"},"modified":"2022-08-29T10:37:51","modified_gmt":"2022-08-29T10:37:51","slug":"kvkk","status":"publish","type":"page","link":"https:\/\/pidex.com.tr\/de\/kvkk","title":{"rendered":"KVKK"},"content":{"rendered":"<div data-elementor-type=\"wp-page\" data-elementor-id=\"1659\" class=\"elementor elementor-1659\">\n\t\t\t\t\t\t<section class=\"elementor-section elementor-top-section elementor-element elementor-element-1eec450f elementor-section-boxed elementor-section-height-default elementor-section-height-default\" data-id=\"1eec450f\" data-element_type=\"section\" data-e-type=\"section\">\n\t\t\t\t\t\t<div class=\"elementor-container elementor-column-gap-wide\">\n\t\t\t\t\t<div class=\"elementor-column elementor-col-100 elementor-top-column elementor-element elementor-element-5d2eb208\" data-id=\"5d2eb208\" data-element_type=\"column\" data-e-type=\"column\">\n\t\t\t<div class=\"elementor-widget-wrap elementor-element-populated\">\n\t\t\t\t\t\t<div class=\"elementor-element elementor-element-f14a111 elementor-widget elementor-widget-heading\" data-id=\"f14a111\" data-element_type=\"widget\" data-e-type=\"widget\" data-widget_type=\"heading.default\">\n\t\t\t\t<div class=\"elementor-widget-container\">\n\t\t\t\t\t<h3 class=\"elementor-heading-title elementor-size-default\">HINSICHTLICH DER VERARBEITUNG PERSONENBEZOGENER DATEN<br>DATENSCHUTZERKL\u00c4RUNG UND BELEUCHTUNG TEXT<\/h3>\t\t\t\t<\/div>\n\t\t\t\t<\/div>\n\t\t\t\t<div class=\"elementor-element elementor-element-797df76a elementor-widget elementor-widget-text-editor\" data-id=\"797df76a\" data-element_type=\"widget\" data-e-type=\"widget\" data-widget_type=\"text-editor.default\">\n\t\t\t\t<div class=\"elementor-widget-container\">\n\t\t\t\t\t\t\t\t\t\n<p>Als Grundlage f\u00fcr diese Datenschutzerkl\u00e4rung verantwortlich f\u00fcr die Daten Pideks in seiner Eigenschaft als Backwaren, Lebensmittel, Tourismus, Bau, Handel und Industrie Unternehmen Begrenzte (im folgenden &#034;Pidex genannt&#034;),In \u00fcbereinstimmung mit dem Gesetz NR 6698 \u00fcber den Schutz personenbezogener Daten<\/p>\n\n<p>\u00a01. In welche Ihrer personenbezogenen Daten wir erfassen, wie diese verwendet und an wen geben wir Ihre personenbezogenen Daten pidex die gesammelten Daten k\u00f6nnen<\/p>\n\n<p>\u00a02. Was sind Ihre Rechte und Anspr\u00fcche, k\u00f6nnen Sie direkt uns in Bezug auf Ihre Daten verarbeitet werden, erkl\u00e4rt, wie k\u00f6nnen Sie diese Rechte.<\/p>\n\n<p><strong>\u00a0I. Der Verarbeitung Ihrer personenbezogenen Daten<\/strong><\/p>\n\n<p><strong>\u00a01. Wir verarbeiten Ihre personenbezogenen Daten und Ihre pers\u00f6nlichen Daten umgegangen wird, Ziel<\/strong><\/p>\n\n<p>Ihnen oder Dritten oder obligatorisch sein f\u00fcr den Schutz der Rechte der Nutzung der Immobilie, vorbehaltlich der grundlegenden Rechte und Freiheiten von Ihnen pidex Schaden der berechtigten Interessen der Verarbeitung Ihrer personenbezogenen Daten aus Gr\u00fcnden, wie der Notwendigkeit der Gegenwart; um den h\u00f6chsten nutzen aus den Produkten oder Dienstleistungen bietet das Unternehmen, das management entsprechender Prozesse, um zu sch\u00fctzen die Glaubw\u00fcrdigkeit unserer Marke, customer-relationship-management, Prozesse, management, Kunden Zufriedenheit Aktivit\u00e4ten Planung und Ausf\u00fchrung und Nachverfolgung von Anforderungen der Kunden und Beschwerden der Kunden, die die finanziellen Risiken f\u00fcr die Identifizierung von Aktivit\u00e4ten, monitoring of business Finanz-und Rechnungswesen, rechts-und Gesch\u00e4ftsverkehr der Planung und Ausf\u00fchrung der folgenden gesch\u00e4ftlichen Aktivit\u00e4ten, business Aktivit\u00e4ten von der Effektivit\u00e4t\/Effizienz\/Zuverl\u00e4ssigkeit Analyse der Umsetzung der Durchf\u00fchrung der Aktivit\u00e4ten, die Ausf\u00fchrung der Aktivit\u00e4ten, die n\u00f6tig sind, um die Kontinuit\u00e4t von business, corporate communications, Aktivit\u00e4ten, Prozesse, Aktivit\u00e4ten, die Unternehmen Unternehmen, - Verfahren und\/oder betriebliche Aktivit\u00e4ten in \u00fcbereinstimmung mit den einschl\u00e4gigen Rechtsvorschriften f\u00fcr die Durchf\u00fchrung der Verwaltung, Gew\u00e4hrleistung der Sicherheit des Unternehmens, strategische Planung, die Planung und Durchf\u00fchrung von Produktion und Betrieb, Prozesse, Produkte und Dienstleistungen, Vertrieb und marketing Forschung und Sonntag f\u00fcr die Durchf\u00fchrung von marketing-Aktivit\u00e4ten,<\/p>\n\n<figure class=\"wp-block-table\">\n<table>\n<tbody>\n<tr>\n<td>Caf\u00e9\/Restaurant Die Besucher<\/td>\n<td>Security Camera Footage<\/td>\n<td>\u00a0 \u00a0 Wahrscheinlich passieren wird jegliche Handlung, die gegen das Gesetz oder Verhalten ist in Erster Linie ein Verbrechen gegen Sie, unsere Mitarbeiter und unsere Unternehmen wird nicht verarbeitet diese Informationen, um sicherzustellen, dass die Sicherheit von anderen Dritten.<\/td>\n<\/tr>\n<tr>\n<td>Cafe\/Restaurant Kunden<\/td>\n<td>Sicherheits-Kamera-Bild-Identifizierung Informationen (name, Vorname, Kontaktdaten (angeforderte Dienst\/Prozess-wenn erforderlich-Adresse, Handy -, Telefon-Oder e-mail) zur Aufzeichnung eine visuelle (Foto, Ihr Foto wird gedruckt, in ein Produkt, wenn Sie sich entscheiden zu bestellen) Einkaufen Informationen, Einkaufen, Datum, Zeit, Menge, Inhalt, Zahlungsarten, Rechnungs-Informationen, etc.), Finanzdaten (Bankkonto oder Kreditkarten-Informationen)<\/td>\n<td>Marketing\/Vertrieb unserer Aktivit\u00e4ten in Bezug auf den Abschluss der Vertr\u00e4ge, organisieren Sie Ihre Rechnungen, Ihre Bestellung wird an Ihre Adresse gesendet, die Zahlung Erhalt, wenn Sie uns Kontaktieren werden,, dass wir k\u00f6nnen l\u00f6sen Ihre Beschwerde oder problem, das Sie angesprochen und, wenn notwendig, in Bezug auf die Ausf\u00fchrung des Vertrages innerhalb des Allgemeinen Bereichs mit Bezug auf die waren\/ Dienstleistungen den Kauf der Vertriebs-Prozesse und sales-support-services, die wir verarbeiten Ihre Daten f\u00fcr die Zwecke der Durchf\u00fchrung der business Finanz-und Rechnungswesen.<\/td>\n<\/tr>\n<tr>\n<td>Produkt\/ Service Wir haben Geliefert Die Dritte Person<\/td>\n<td>Informationen zur Identit\u00e4t (name, Vorname, Kontaktdaten (Adresse, Handy-oder Telefon-Nummer)<\/td>\n<td>Werden geschickt, um die Adresse, die Sie eingereicht haben, Ihre Bestellungen mit unserem Engagement bez\u00fcglich der Erf\u00fcllung aller Verpflichtungen aus dem Vertrag, innerhalb der Allgemeinen Rahmen der Erf\u00fcllung von G\u00fctern\/ Dienstleistungen, Kauf, Verkauf und after-sales-support-Prozesse, verarbeiten wir diese Daten f\u00fcr die Zwecke der Durchf\u00fchrung der Leistungen.<\/td>\n<\/tr>\n<tr>\n<td>Caf\u00e9\/Restaurant Die Kunden Zu Unseren Internet-Nutzer\u00a0<\/td>\n<td>Informationen zur Identit\u00e4t (name, Vorname), Kontaktdaten (e-mail -, Mobiltelefon-Nummer), Prozess-Sicherheits-Informationen (IP-Adresse, MAC-Adresse, Handy-Nummer)<\/td>\n<td>Die \u00f6ffentliche Nutzung im Rahmen der Verordnung des internet, content-Provider oder im Falle einer gesetzlichen Verpflichtung unterliegen, durch unsere kriminellen Zugriff verhindern, wenn Sie Zugriff haben, um die Aufdeckung rechtswidriger Handlungen, cyber-Sicherheit, um sicherzustellen, dass zus\u00e4tzlich zu all dies, verarbeiten wir Ihre Daten zum Zwecke der Durchf\u00fchrung von Produkt-und service-marketing-Aktivit\u00e4ten.<\/td>\n<\/tr>\n<tr>\n<td>Sie beklagen sich und fordern iletenl<\/td>\n<td>Informationen zur Identit\u00e4t (name, Vorname), Kontaktdaten (e-mail -, Handy-und\/oder business-Telefon-Nummer) call-center-Stimme Aufnahme-Informationen auf alle Arten von Beschwerden und Anfragen<\/td>\n<td>Call-center-Qualit\u00e4t und interviews von Service - \/Kunden-Beziehungen und die Sicherheit aller Transaktions-Prozesse besser zu verwalten, zu verfolgen und zu melden, verarbeiten wir Ihre Daten f\u00fcr solche Zwecke zu k\u00f6nnen.<\/td>\n<\/tr>\n<\/tbody>\n<\/table>\n<\/figure>\n\n<p><strong>2. Unsere Methode der Behandlung und \u00fcbertragung der verarbeiteten personenbezogenen Daten, unserer Politik<\/strong><\/p>\n\n<p>Bieten Sie viel besser service f\u00fcr unsere Kunden in der Lage, Ihnen bestimmte Produkte und Dienste auf Qualit\u00e4t standards, verbessern uns in der Lage zu h\u00f6ren, um Anregungen und Beschwerden, um Sie \u00fcber alle unsere Werbeaktionen und Rabatte, die Sie haben klar formuliert worden, die oben und f\u00fcr die Zwecke der Datenverarbeitung; cafe-restaurant zu besuchen, wenn Sie besuchen Ihre CCTV Sicherheit Kamera system automatische Bild-Aufnahme-Methode\u00a0<a href=\"https:\/\/pidex.com.tr\/de\/\">http:\/\/www.pidex.com.tr<\/a> wenn Sie den Besuch auf unserer website und f\u00fcllen Sie das Formular automatisch mit Anregungen und feedback, cafe - restaurant, wenn Sie eine Verbindung zu unserer kollektiven unserem internet-service-providers, die form sollte automatisch weitergeleitet werden mit der physischen Umgebung, das Caf\u00e9-restaurant social-media-Kan\u00e4le, e-mail oder \u00fcber das call-center pidex Sie alle Bestellformulare, Reservierung Formulare, Formulare, Anfragen und Beschwerden, die bei uns in der Weitergabe Ihrer personenbezogenen Daten; 20 der Verfassung. \u00a7 3. Artikel 5 des Gesetzes mit Absatz 6698. und 6. nach Erhalt Ihrer Zustimmung zur Einhaltung der Bedingungen, die in den Artikeln von legitimen Zweck in \u00fcbereinstimmung mit automatischen oder nicht automatischen Methoden, die wir verarbeiten.<\/p>\n\n<p>Wir haben uns verpflichtet, den text und pr\u00e4sentieren die Daten, bestimmt durch die Beleuchtung der Datenschutzerkl\u00e4rung Ziele und entsprechende Ma\u00dfnahmen zur Informationssicherheit, die nicht verwendet werden au\u00dferhalb der Umfang, indem der Prozess mit der record store.<\/p>\n\n<p>\u00a0Unsere gesetzlichen Pflichten Ihre personenbezogenen Daten wie Gesetzlich gefordert, No. 6698 6698 und halten uns an die Grunds\u00e4tze vorgeschrieben durch Artikel 8 des Gesetzes. und 9. den Bedingungen und f\u00fcr die Zwecke der in den Artikeln f\u00fcr die Verarbeitung von personenbezogenen Daten, Strafverfolgung, \u00f6ffentlichen Institutionen (exportieren Sie das Dokument von Interesse und in Bezug auf die dichter und die Antwort, die Erf\u00fcllung unserer Verpflichtungen zur Aus\u00fcbung unserer gesetzlichen Rechte, wie Rechte und der Fall, um in der Lage sein, pidex die angeforderten Informationen von den Strafverfolgungsbeh\u00f6rden und Organisationen, die den besonderen Menschen in der Verantwortung, unseren Gesch\u00e4ftspartnern und unseren Dienstleistern (wie Verschiffen, Datenbank, Beratung, etc. service-Unternehmen, unser legal counsel), wenn Sie machen Ihre Zahlung mit Ihrer Kreditkarte wird Ihre Kreditkarte Informationen, im Zusammenhang mit der bank die elektronische payment-provider, etc. wir \u00fcbertragen Ihre Daten an Dritte weiterzugeben, die die Bereitstellung des service. Jedoch, Ihre pers\u00f6nlichen Daten gem\u00e4\u00df den oben genannten Aktivit\u00e4ten und die verwandten Regelungen, nicht gegen das Gesetz, um zu gewinnen, einen Gewinn in irgendeiner Weise au\u00dfer zu verwenden oder mit Dritten teilen wir nicht.<\/p>\n\n<p>Und wieder mit dem Rahmen nach oben und f\u00fcr die oben genannten Zwecke, k\u00f6nnen Ihre personenbezogenen Daten innerhalb und au\u00dferhalb des Landes, in die Veranstaltung die Sicherheit der personenbezogenen Daten an Dritte weitergeben, die wir tun, um sicherzustellen, dass die erforderlichen administrativen, technischen und rechtlichen Ma\u00dfnahmen ergriffen werden, k\u00f6nnen wir nicht garantieren es.<\/p>\n\n<p><strong>3. Richtlinie Zum Schutz Personenbezogener Daten<\/strong><\/p>\n\n<p>Der Schutz Ihrer personenbezogenen Daten sehr wichtig und der Verlust des rechts auf Pidex, wir demonstrieren die Empfindlichkeit notwendig, um zu vermeiden, die Anlass zu einer Verletzung des Gesetzes. In diesem Zusammenhang werden Ihre pers\u00f6nlichen Daten vor unbefugtem Zugriff oder Pidex solche Informationen vor Verlust, Missbrauch, Offenlegung, Ver\u00e4nderung oder Zerst\u00f6rung ergreift angemessene Vorsichtsma\u00dfnahmen zu sch\u00fctzen.<\/p>\n\n<p>\u00a0Dar\u00fcber hinaus m\u00f6chten wir betonen; geheim zu halten, Ihre personenbezogenen Daten, notwendig f\u00fcr die Sicherheit und Privatsph\u00e4re zu bieten physische, technische und administrative, und wir sind verpflichtet, alle notwendigen Ma\u00dfnahmen ergreifen, um zu demonstrieren, due diligence.<\/p>\n\n<p>\u00a0Obwohl es dauert information security Ma\u00dfnahmen erforderlich, die von uns auf unserer website, die Produktion und operative Aktivit\u00e4ten als Folge der Angriffe auf die Systeme, die wir bei der Verwaltung unserer pers\u00f6nlichen Daten in die H\u00e4nde Dritter oder Sch\u00e4den an, dieser teilt Ihnen umgehend und die personenbezogenen Daten Schutz Bord; und die notwendigen Ma\u00dfnahmen ergriffen werden.<\/p>\n\n<p><strong>\u00a0<\/strong>\u00a0<strong>II. IHRE RECHTE BEZ\u00dcGLICH IHRER PERS\u00d6NLICHEN DATEN<\/strong><\/p>\n\n<p><strong>\u00a0<\/strong>In den Prozess der Schutz Ihrer pers\u00f6nlichen Daten &#034;personenbezogene Daten &#034;Inhaber&#034;, wie immer, auf Auskunft \u00fcber die bez\u00fcglich Ihrer pers\u00f6nlichen Daten, diese Daten Zugriff, \u00c4nderung, Korrektur oder L\u00f6schung zu wissen, ob Sie haben das Recht, auf Antrag und wurden f\u00fcr viele Zwecke verwendet. Artikel 11 dieses Gesetzes 6698 Ihre Rechte. der Artikel ist \u00fcbersichtlich und der vollst\u00e4ndige text des Artikels ist unten dargestellt.<\/p>\n\n<p>\u00a0<em>\u201c<strong>Rechte der betroffenen person<\/strong><\/em><\/p>\n\n<p><strong><em>Artikel 11-<\/em><\/strong><em>\u00a0(1) Jeder Mensch, \u00fcber sich selbst, durch Kontakt mit dem Daten-manager;<\/em><\/p>\n\n<p><em>A) wenn die pers\u00f6nlichen Daten, die wurde bearbeitet zu lernen<\/em><\/p>\n\n<p><em>b) wenn personenbezogene Daten verarbeitet werden, geltend zu machen wissen,<\/em><\/p>\n\n<p><em>c) Zweck der Verarbeitung personenbezogener Daten und ob das lernen verwendet wird, je nach Ihrem Zweck, (C) Ihre personenbezogenen Daten \u00fcbertragen werden, innerhalb oder ausserhalb des Landes, in dem wissen, Dritte,<\/em><\/p>\n\n<p><em>d) denen die personenbezogenen Daten verarbeitet fehlt oder ist nicht richtig, wenn Sie danach Fragen, korrigiert zu werden, 12305<\/em><\/p>\n\n<p><em>e) im Rahmen des vorgeschriebenen Bedingungen in Artikel 7, um die Vernichtung oder L\u00f6schung Ihrer personenbezogenen Daten bitten<\/em><\/p>\n\n<p><em>f) (d) und (e) Transaktionen in \u00fcbereinstimmung mit den Abs\u00e4tzen, die pers\u00f6nliche Daten an Dritte \u00fcbertragen anfragenden mitgeteilt werden,<\/em><\/p>\n\n<p><em>g) durch Analyse der verarbeiteten Daten ausschlie\u00dflich durch automatisierte Systeme, eins gegen eins selbst, ist das Ergebnis der Beschwerde,<\/em><\/p>\n\n<p><em>G) im Falle eines Schadens aufgrund einer rechtswidrigen Verarbeitung personenbezogener Daten hat das Recht zu Fragen f\u00fcr Sch\u00e4den behoben werden.&#034;<\/em><\/p>\n\n<p><strong>\u00a0<\/strong><br \/>Im Rahmen dieses Recht; pidex der \u201cMeydankava\u011fi Mah. 1563 No:4\/14 Muratpa\u015fa\/Antalya&#034; in schriftlicher Form an die Adresse oder E-mail-Adresse mit Ihrer Unterschrift\u00a0<a href=\"mailto:info@pidex.com.tr\">info@pidex.com.tr<\/a>\u00a0unsere e-mail-Adresse, Sie k\u00f6nnen sich bewerben, indem Sie eine E-mail zu.<\/p>\n\n<p>\u00a0In dem Fall, dass ein zus\u00e4tzliches Kosten auf Ihre Bewerbung f\u00fcr diese Zwecke, die Pers\u00f6nlichen Daten der Schutz Bord, die in der Geb\u00fchrenordnung werden bestimmt durch die Menge, die Sie haben zu zahlen. Ihre Anwendung befindet sich auf Ihre Anforderungen, pidex Ihre Anwendung, sobald es empfangen wird, nicht sp\u00e4ter als 30 (drei\u00dfig) Tage abgeschlossen werden.<\/p>\n\n<p>\u00a06698 Gesetz und Ihre Rechte in Bezug auf Ihre Daten mit Ihren personenbezogenen Daten im Rahmen der einschl\u00e4gigen Rechtsvorschriften, wenn Sie wollen, erhalten Sie detaillierte Informationen \u00fcber die Web-Seite der Schutz der pers\u00f6nlichen Daten der Beh\u00f6rde (<a href=\"https:\/\/www.kvkk.gov.tr\/\">https:\/\/www.kvkk.gov.tr\/<\/a>Sie besuchen k\u00f6nnen.<\/p>\n\n<p>\u00a0<strong>III. \u00c4NDERUNGEN<\/strong><\/p>\n\n<p>Pidex, k\u00f6nnen \u00e4nderungen an dieser Privacy Policy ist jederzeit m\u00f6glich. Diese \u00e4nderungen ge\u00e4ndert, die neuen Bedingungen und\/oder Richtlinien tritt mit unmittelbarer Wirkung nach der Ver\u00f6ffentlichung auf der Website. Im Fall einer solchen \u00e4nderung werden die notwendigen Informationen wertvoll f\u00fcr unsere Kunden.<\/p>\n\t\t\t\t\t\t\t\t<\/div>\n\t\t\t\t<\/div>\n\t\t\t\t\t<\/div>\n\t\t<\/div>\n\t\t\t\t\t<\/div>\n\t\t<\/section>\n\t\t\t\t<\/div>","protected":false},"excerpt":{"rendered":"<p>K\u0130\u015e\u0130SEL VER\u0130LER\u0130N \u0130\u015eLENMES\u0130NE \u0130L\u0130\u015eK\u0130NAYDINLATMA METN\u0130 VE G\u0130ZL\u0130L\u0130K POL\u0130T\u0130KASI \u0130\u015fbu Gizlilik Politikas\u0131 temel olarak; veri sorumlusu s\u0131fat\u0131yla Pideks Unlu Mam\u00fclleri G\u0131da Turizm \u0130n\u015faat Ticaret ve Sanayi Limited \u015eirketi\u00a0\u00a0 (bundan sonra \u201cPidex\u201d olarak an\u0131lacakt\u0131r.),6698 Say\u0131l\u0131 Ki\u015fisel Verilerin Korunmas\u0131 Hakk\u0131nda Kanun ile uyumlu olarak \u00a01. Hangi ki\u015fisel&#8230; <\/p>\n<div class=\"readmore\"><a href=\"https:\/\/pidex.com.tr\/de\/kvkk\" class=\"kf-btn-link\"><span>Read more<\/span> <i class=\"fas fa-chevron-right\"><\/i><\/a><\/div>","protected":false},"author":1,"featured_media":0,"parent":0,"menu_order":0,"comment_status":"closed","ping_status":"closed","template":"template-layout-builder.php","meta":{"footnotes":""},"class_list":["post-1659","page","type-page","status-publish","hentry"],"acf":[],"_links":{"self":[{"href":"https:\/\/pidex.com.tr\/de\/wp-json\/wp\/v2\/pages\/1659","targetHints":{"allow":["GET"]}}],"collection":[{"href":"https:\/\/pidex.com.tr\/de\/wp-json\/wp\/v2\/pages"}],"about":[{"href":"https:\/\/pidex.com.tr\/de\/wp-json\/wp\/v2\/types\/page"}],"author":[{"embeddable":true,"href":"https:\/\/pidex.com.tr\/de\/wp-json\/wp\/v2\/users\/1"}],"replies":[{"embeddable":true,"href":"https:\/\/pidex.com.tr\/de\/wp-json\/wp\/v2\/comments?post=1659"}],"version-history":[{"count":12,"href":"https:\/\/pidex.com.tr\/de\/wp-json\/wp\/v2\/pages\/1659\/revisions"}],"predecessor-version":[{"id":1673,"href":"https:\/\/pidex.com.tr\/de\/wp-json\/wp\/v2\/pages\/1659\/revisions\/1673"}],"wp:attachment":[{"href":"https:\/\/pidex.com.tr\/de\/wp-json\/wp\/v2\/media?parent=1659"}],"curies":[{"name":"wp","href":"https:\/\/api.w.org\/{rel}","templated":true}]}}